{"id":451,"date":"2023-06-21T01:38:40","date_gmt":"2023-06-21T05:38:40","guid":{"rendered":"https:\/\/www.signalboy.com\/gracias\/"},"modified":"2023-08-03T14:09:36","modified_gmt":"2023-08-03T14:09:36","slug":"gracias","status":"publish","type":"page","link":"https:\/\/www.signalboy.com\/es\/gracias\/","title":{"rendered":"Gracias"},"content":{"rendered":"\n<div class=\"wp-block-group alignfull is-layout-constrained wp-block-group-is-layout-constrained\" style=\"padding-top:var(--wp--preset--spacing--xxx-large);padding-bottom:var(--wp--preset--spacing--large)\">\n<div class=\"wp-block-group is-layout-constrained wp-container-core-group-is-layout-19e250f3 wp-block-group-is-layout-constrained\"><h1 style=\"text-transform:uppercase;\" class=\"has-text-align-center wp-block-post-title has-text-color has-primary-color has-gigantic-font-size has-secondary-font-family\">Gracias<\/h1>\n\n\n<p class=\"has-text-align-center has-xxx-large-font-size\">\u00a1\u00a1Eres incre\u00edble!!<\/p>\n<\/div>\n\n\n\n<div class=\"wp-block-group is-layout-constrained wp-block-group-is-layout-constrained\">\n<p class=\"has-primary-color has-text-color\"><strong>\u00bfGasta demasiado en se\u00f1ales sociales?<\/strong><\/p>\n\n\n\n<h2 class=\"wp-block-heading\">Suscr\u00edbete y ahorra<\/h2>\n\n\n\n<p>Suscr\u00edbase a nuestro bolet\u00edn y sea el primero en conocer nuestras ofertas exclusivas y los cupones de ahorro que publicamos peri\u00f3dicamente.<\/p>\n<\/div>\n<\/div>\n","protected":false},"excerpt":{"rendered":"<p>\u00a1\u00a1Eres incre\u00edble!! \u00bfGasta demasiado en se\u00f1ales sociales? Suscr\u00edbete y ahorra Suscr\u00edbase a nuestro bolet\u00edn y sea el primero en conocer nuestras ofertas exclusivas y los cupones de ahorro que publicamos peri\u00f3dicamente.<\/p>\n","protected":false},"author":4,"featured_media":1054,"parent":0,"menu_order":0,"comment_status":"closed","ping_status":"closed","template":"","meta":{"ghostkit_customizer_options":"","ghostkit_custom_css":"","ghostkit_custom_js_head":"","ghostkit_custom_js_foot":"","ghostkit_typography":"","footnotes":""},"class_list":["post-451","page","type-page","status-publish","has-post-thumbnail","hentry"],"_links":{"self":[{"href":"https:\/\/www.signalboy.com\/es\/wp-json\/wp\/v2\/pages\/451","targetHints":{"allow":["GET"]}}],"collection":[{"href":"https:\/\/www.signalboy.com\/es\/wp-json\/wp\/v2\/pages"}],"about":[{"href":"https:\/\/www.signalboy.com\/es\/wp-json\/wp\/v2\/types\/page"}],"author":[{"embeddable":true,"href":"https:\/\/www.signalboy.com\/es\/wp-json\/wp\/v2\/users\/4"}],"replies":[{"embeddable":true,"href":"https:\/\/www.signalboy.com\/es\/wp-json\/wp\/v2\/comments?post=451"}],"version-history":[{"count":1,"href":"https:\/\/www.signalboy.com\/es\/wp-json\/wp\/v2\/pages\/451\/revisions"}],"predecessor-version":[{"id":452,"href":"https:\/\/www.signalboy.com\/es\/wp-json\/wp\/v2\/pages\/451\/revisions\/452"}],"wp:featuredmedia":[{"embeddable":true,"href":"https:\/\/www.signalboy.com\/es\/wp-json\/wp\/v2\/media\/1054"}],"wp:attachment":[{"href":"https:\/\/www.signalboy.com\/es\/wp-json\/wp\/v2\/media?parent=451"}],"curies":[{"name":"wp","href":"https:\/\/api.w.org\/{rel}","templated":true}]}}